{"id":2,"date":"2025-03-04T18:28:59","date_gmt":"2025-03-04T18:28:59","guid":{"rendered":"https:\/\/www.iesbo.fi\/?page_id=2"},"modified":"2026-03-13T22:06:53","modified_gmt":"2026-03-13T20:06:53","slug":"sample-page","status":"publish","type":"page","link":"https:\/\/www.iesbo.fi\/","title":{"rendered":"Tidskriften Vi i Esbo"},"content":{"rendered":"\n<p>Vi i Esbo ges ut av Esbo svenska kulturf\u00f6rening r.f en g\u00e5ng per \u00e5r. <\/p>\n\n\n\n<p>F\u00f6reningen \u00e4r grundad 1984 med syfte att informera och ber\u00e4tta om den svenskspr\u00e5kiga kulturella verksamheten i Esbo.<\/p>\n\n\n\n<p><strong>Kontakt:<\/strong> kontakt [a] iesbo.fi<br><strong>FO-nummer:<\/strong> 1581115-6<\/p>\n\n\n\n<p>Du kan l\u00e4sa <a href=\"https:\/\/issuu.com\/kustmedia\/docs\/vi_i_esbo_2026\" data-type=\"link\" data-id=\"https:\/\/issuu.com\/kustmedia\/docs\/vi_i_esbo_2026\">tidskriftens senaste nummer (mars 2026) via Issuu<\/a> eller <a href=\"https:\/\/www.iesbo.fi\/wp-content\/uploads\/2026\/03\/vi-i-esbo-2026.pdf\" data-type=\"link\" data-id=\"https:\/\/www.iesbo.fi\/wp-content\/uploads\/2026\/03\/vi-i-esbo-2026.pdf\">ladda ner PDF.<\/a><\/p>\n\n\n\n<figure class=\"wp-block-embed is-type-rich is-provider-issuu wp-block-embed-issuu\"><div class=\"wp-block-embed__wrapper\">\n<iframe title=\"Vi i Esbo 2026\" src=\"https:\/\/e.issuu.com\/embed.html?u=kustmedia&#038;d=vi_i_esbo_2026\" style=\"border:none; width: 500px; height: 383px;\" allow=\"clipboard-write,allow-top-navigation,allow-top-navigation-by-user-activation,allow-downloads,allow-scripts,allow-same-origin,allow-popups,allow-modals,allow-popups-to-escape-sandbox,allow-forms\"  allowfullscreen=\"true\"><\/iframe>\n<\/div><\/figure>\n\n\n\n<h2 class=\"wp-block-heading\">Arkiv<\/h2>\n\n\n\n<ul class=\"wp-block-list\">\n<li><a href=\"https:\/\/issuu.com\/kustmedia\/docs\/vi_i_esbo_2025\" data-type=\"link\" data-id=\"https:\/\/issuu.com\/kustmedia\/docs\/vi_i_esbo_2025\">2025<\/a><\/li>\n\n\n\n<li><a href=\"https:\/\/issuu.com\/kustmedia\/docs\/vi_i_esbo_2024\">2024<\/a><\/li>\n\n\n\n<li> <a href=\"https:\/\/issuu.com\/kustmedia\/docs\/ve23_webb\">2023<\/a><\/li>\n<\/ul>\n\n\n\n<p><\/p>\n","protected":false},"excerpt":{"rendered":"<p>Vi i Esbo ges ut av Esbo svenska kulturf\u00f6rening r.f en g\u00e5ng per \u00e5r. F\u00f6reningen \u00e4r grundad 1984 med syfte att informera och ber\u00e4tta om den svenskspr\u00e5kiga kulturella verksamheten i Esbo. Kontakt: kontakt [a] iesbo.fiFO-nummer: 1581115-6 Du kan l\u00e4sa tidskriftens senaste nummer (mars 2026) via Issuu eller ladda ner PDF. Arkiv<\/p>\n","protected":false},"author":2,"featured_media":0,"parent":0,"menu_order":0,"comment_status":"closed","ping_status":"open","template":"","meta":{"footnotes":""},"class_list":["post-2","page","type-page","status-publish","hentry"],"_links":{"self":[{"href":"https:\/\/www.iesbo.fi\/index.php?rest_route=\/wp\/v2\/pages\/2","targetHints":{"allow":["GET"]}}],"collection":[{"href":"https:\/\/www.iesbo.fi\/index.php?rest_route=\/wp\/v2\/pages"}],"about":[{"href":"https:\/\/www.iesbo.fi\/index.php?rest_route=\/wp\/v2\/types\/page"}],"author":[{"embeddable":true,"href":"https:\/\/www.iesbo.fi\/index.php?rest_route=\/wp\/v2\/users\/2"}],"replies":[{"embeddable":true,"href":"https:\/\/www.iesbo.fi\/index.php?rest_route=%2Fwp%2Fv2%2Fcomments&post=2"}],"version-history":[{"count":13,"href":"https:\/\/www.iesbo.fi\/index.php?rest_route=\/wp\/v2\/pages\/2\/revisions"}],"predecessor-version":[{"id":39,"href":"https:\/\/www.iesbo.fi\/index.php?rest_route=\/wp\/v2\/pages\/2\/revisions\/39"}],"wp:attachment":[{"href":"https:\/\/www.iesbo.fi\/index.php?rest_route=%2Fwp%2Fv2%2Fmedia&parent=2"}],"curies":[{"name":"wp","href":"https:\/\/api.w.org\/{rel}","templated":true}]}}